{"id":2,"date":"2023-01-28T08:18:41","date_gmt":"2023-01-28T08:18:41","guid":{"rendered":"https:\/\/eklima.pl\/?page_id=2"},"modified":"2023-09-22T18:54:32","modified_gmt":"2023-09-22T18:54:32","slug":"sample-page","status":"publish","type":"page","link":"https:\/\/eklima.pl\/index.php\/sample-page\/","title":{"rendered":"O nas"},"content":{"rendered":"\t\t<div data-elementor-type=\"wp-page\" data-elementor-id=\"2\" class=\"elementor elementor-2\">\n\t\t\t\t\t\t\t\t\t<section class=\"elementor-section elementor-top-section elementor-element elementor-element-6b14a5a elementor-section-boxed elementor-section-height-default elementor-section-height-default\" data-id=\"6b14a5a\" data-element_type=\"section\">\n\t\t\t\t\t\t<div class=\"elementor-container elementor-column-gap-default\">\n\t\t\t\t\t<div class=\"elementor-column elementor-col-100 elementor-top-column elementor-element elementor-element-624e4cc\" data-id=\"624e4cc\" data-element_type=\"column\">\n\t\t\t<div class=\"elementor-widget-wrap elementor-element-populated\">\n\t\t\t\t\t\t\t\t<div class=\"elementor-element elementor-element-076a961 elementor-widget elementor-widget-text-editor\" data-id=\"076a961\" data-element_type=\"widget\" data-widget_type=\"text-editor.default\">\n\t\t\t\t<div class=\"elementor-widget-container\">\n\t\t\t<style>\/*! elementor - v3.11.2 - 22-02-2023 *\/\n.elementor-widget-text-editor.elementor-drop-cap-view-stacked .elementor-drop-cap{background-color:#818a91;color:#fff}.elementor-widget-text-editor.elementor-drop-cap-view-framed .elementor-drop-cap{color:#818a91;border:3px solid;background-color:transparent}.elementor-widget-text-editor:not(.elementor-drop-cap-view-default) .elementor-drop-cap{margin-top:8px}.elementor-widget-text-editor:not(.elementor-drop-cap-view-default) .elementor-drop-cap-letter{width:1em;height:1em}.elementor-widget-text-editor .elementor-drop-cap{float:left;text-align:center;line-height:1;font-size:50px}.elementor-widget-text-editor .elementor-drop-cap-letter{display:inline-block}<\/style>\t\t\t\t<div class=\"elementor-widget-container\">\n<div class=\"elementor-text-editor elementor-clearfix elementor-inline-editing\" data-elementor-setting-key=\"editor\" data-elementor-inline-editing-toolbar=\"advanced\">\n<p style=\"text-align: justify;\">FIRMA eKlima to wiod\u0105ca firma na rynku urz\u0105dze\u0144 i materia\u0142\u00f3w do instalacji grzewczych, klimatyzacyjnych i gazowych. Firma zosta\u0142a za\u0142o\u017cona w 1995 roku w Warszawie i poprzez rozw\u00f3j organiczny zacz\u0119\u0142a dzia\u0142a\u0107 w 31 magazynach zlokalizowanych w najwa\u017cniejszych miastach Europy. Nasza krajowa ekspansja pokazuje, w jaki spos\u00f3b eKlima \u0142\u0105czy rozleg\u0142\u0105 wiedz\u0119 bran\u017cow\u0105 z potrzebami klient\u00f3w, aby dostarcza\u0107 najwy\u017cszej jako\u015bci produkty i us\u0142ugi. eKlima wyr\u00f3\u017cnia si\u0119 wydajno\u015bci\u0105 produkt\u00f3w i us\u0142ug \u015bwiadczonych w kilkunastu miejscach w Europie. Tym samym struktura organizacyjna firmy pozwala nam zapewni\u0107 sprzeda\u017c i pomoc techniczn\u0105 ze strony wyspecjalizowanej kadry na terenie ca\u0142ego kraju. POLE AKTYWNO\u015aCI Obszar dzia\u0142alno\u015bci firmy jest szeroki, obejmuje sprzeda\u017c produkt\u00f3w i urz\u0105dze\u0144 dla: \u2022Ogrzewania \u2022Klimatyzacji \u2022 Firma eKlima d\u0105\u017cy do tego, aby by\u0107 firm\u0105 krajow\u0105 i wzmacniaj\u0105c bezpo\u015brednie relacje z producentami wysokiej jako\u015bci na ca\u0142ym \u015bwiecie, mo\u017cemy oferowa\u0107 naszym klientom produkty warto\u015bciowe, innowacyjne i wysokiej jako\u015bci. eKlima posiada portfel dostawc\u00f3w sk\u0142adaj\u0105cy si\u0119 z licz\u0105cych si\u0119 producent\u00f3w zlokalizowanych w Europie, z W\u0142och, Niemiec, Hiszpanii, Austrii, ale tak\u017ce z Turcji czy Chin, dostawc\u00f3w, kt\u00f3rzy posiadaj\u0105 niezb\u0119dn\u0105 zdolno\u015b\u0107 do dostarczania sprz\u0119tu i materia\u0142\u00f3w o wysokich standardach jako\u015bci w terminowy spos\u00f3b. Magazyny eKlima oferuj\u0105 klientom profesjonalnym us\u0142ugi specjalne, a tak\u017ce wsparcie w rozwoju ich biznesu, dzi\u0119ki czemu ponad 6000 profesjonalnych klient\u00f3w ma dost\u0119p do program\u00f3w lojalno\u015bciowych, rabat\u00f3w na ilo\u015bci, program\u00f3w kredytowych i innych specyficznych us\u0142ug. LOGISTYKA Firma posiada nowoczesn\u0105 flot\u0119 samochodow\u0105 oraz \u015brodki transportu towar\u00f3w wewn\u0105trz magazyn\u00f3w spe\u0142niaj\u0105ce normy bezpiecze\u0144stwa pracy i zapewniaj\u0105ce wysok\u0105 wydajno\u015b\u0107. ZESP\u00d3\u0141 eKlima sk\u0142ada si\u0119 z ponad 50 pracownik\u00f3w, z czego ponad 20pracuje w dzia\u0142ach sprzeda\u017cy i serwisu, a priorytetem dla wszystkich jest oddanie obs\u0142udze klienta i zapewnienie do\u015bwiadczenia<br>zawodowego.<\/p>\n<blockquote class=\"wp-block-quote\">\n<p style=\"text-align: justify;\">Zapraszamy do wsp\u00f3\u0142pracy !<\/p>\n<\/blockquote>\n<\/div>\n<\/div>\n<div id=\"elementor-add-new-section\" class=\"elementor-add-section elementor-visible-desktop\" data-view=\"choose-action\">\n<div class=\"elementor-add-section-inner\">\n<div class=\"e-view elementor-add-new-section\">\n<div class=\"elementor-add-section-area-button pa-add-section-btn\" title=\"Add Premium Template\">&nbsp;<\/div>\n<div class=\"elementor-add-section-area-button elementor-add-section-button\" title=\"Dodaj now\u0105 sekcj\u0119\">&nbsp;<\/div>\n<div class=\"elementor-add-section-area-button elementor-add-template-button\" title=\"Dodaj szablon\">&nbsp;<\/div>\n<div class=\"elementor-add-section-area-button elementor-add-templately-promo-button\">&nbsp;<\/div>\n<div class=\"elementor-add-section-drag-title\">Przeci\u0105gnij widget tutaj<\/div>\n<\/div>\n<\/div>\n<\/div>\n<div class=\"footer\">\n<div class=\"gridContainer\">\n<div class=\"row\">\n<p class=\"footer-copyright\">\u00a9&nbsp;&nbsp;2023&nbsp;Polklim.&nbsp;Designed by DJ Majki<\/p>\n<\/div>\n<\/div>\n<\/div>\t\t\t\t\t\t<\/div>\n\t\t\t\t<\/div>\n\t\t\t\t\t<\/div>\n\t\t<\/div>\n\t\t\t\t\t\t\t<\/div>\n\t\t<\/section>\n\t\t\t\t\t\t\t<\/div>\n\t\t","protected":false},"excerpt":{"rendered":"<p>FIRMA eKlima to wiod\u0105ca firma na rynku urz\u0105dze\u0144 i materia\u0142\u00f3w do instalacji grzewczych, klimatyzacyjnych i gazowych. Firma zosta\u0142a za\u0142o\u017cona w 1995 roku w Warszawie i poprzez rozw\u00f3j organiczny zacz\u0119\u0142a dzia\u0142a\u0107 w 31 magazynach zlokalizowanych w najwa\u017cniejszych miastach Europy. Nasza krajowa ekspansja pokazuje, w jaki spos\u00f3b eKlima \u0142\u0105czy rozleg\u0142\u0105 wiedz\u0119 bran\u017cow\u0105 z potrzebami klient\u00f3w, aby dostarcza\u0107&hellip; <br \/> <a class=\"button small blue\" href=\"https:\/\/eklima.pl\/index.php\/sample-page\/\">Czytaj dalej<\/a><\/p>\n","protected":false},"author":1,"featured_media":0,"parent":0,"menu_order":0,"comment_status":"closed","ping_status":"open","template":"","meta":{"footnotes":""},"_links":{"self":[{"href":"https:\/\/eklima.pl\/index.php\/wp-json\/wp\/v2\/pages\/2"}],"collection":[{"href":"https:\/\/eklima.pl\/index.php\/wp-json\/wp\/v2\/pages"}],"about":[{"href":"https:\/\/eklima.pl\/index.php\/wp-json\/wp\/v2\/types\/page"}],"author":[{"embeddable":true,"href":"https:\/\/eklima.pl\/index.php\/wp-json\/wp\/v2\/users\/1"}],"replies":[{"embeddable":true,"href":"https:\/\/eklima.pl\/index.php\/wp-json\/wp\/v2\/comments?post=2"}],"version-history":[{"count":11,"href":"https:\/\/eklima.pl\/index.php\/wp-json\/wp\/v2\/pages\/2\/revisions"}],"predecessor-version":[{"id":158,"href":"https:\/\/eklima.pl\/index.php\/wp-json\/wp\/v2\/pages\/2\/revisions\/158"}],"wp:attachment":[{"href":"https:\/\/eklima.pl\/index.php\/wp-json\/wp\/v2\/media?parent=2"}],"curies":[{"name":"wp","href":"https:\/\/api.w.org\/{rel}","templated":true}]}}